{"id":911,"date":"2012-11-07T17:43:52","date_gmt":"2012-11-07T16:43:52","guid":{"rendered":"http:\/\/historischcafe.nl\/wordpress\/?page_id=911"},"modified":"2013-01-15T10:16:42","modified_gmt":"2013-01-15T09:16:42","slug":"programma-14-november-2012","status":"publish","type":"page","link":"https:\/\/historischcafe.nl\/wordpress\/?page_id=911","title":{"rendered":"Programma 14 november 2012"},"content":{"rendered":"<h4>Programma Historisch Caf\u00e9 14 november 2012<\/h4>\n<p>Zie ook de karikatuur <a href=\"https:\/\/historischcafe.nl\/wordpress\/wp-content\/uploads\/reitsma-nov12.jpg\">&#8216;Ella Reitsmania Duizendpoot&#8217;<\/a> van onze karikaturist Gijs Sevenhuijsen.<\/p>\n<h5><a href=\"https:\/\/historischcafe.nl\/wordpress\/?attachment_id=914\" rel=\"attachment wp-att-914\"><img loading=\"lazy\" decoding=\"async\" class=\"alignleft size-medium wp-image-914\" title=\"duizend en meer verhalen\" src=\"https:\/\/historischcafe.nl\/wordpress\/wp-content\/uploads\/duizend-en-meer-verhalen1-236x300.jpg\" alt=\"\" width=\"236\" height=\"300\" srcset=\"https:\/\/historischcafe.nl\/wordpress\/wp-content\/uploads\/duizend-en-meer-verhalen1-236x300.jpg 236w, https:\/\/historischcafe.nl\/wordpress\/wp-content\/uploads\/duizend-en-meer-verhalen1.jpg 600w\" sizes=\"auto, (max-width: 236px) 100vw, 236px\" \/><\/a>20.00 \u2013 Onder zo\u00f6logen \u2013 Interview met Ella Reitsma<\/h5>\n<p>In <em>Duizend en meer verhalen op sterk water <\/em>(2012), vertelt kunst- en cultuurhistorica <strong>Ella Reitsma<\/strong> (1941) de geschiedenis van het Zo\u00f6logisch Museum Amsterdam. Welk museum? Zonder dat dit bij een breed publiek bekend was en is, bevond zich meer dan honderd jaar lang \u00e9\u00e9n van de grootste en belangrijkste collecties zo\u00f6logisch materiaal ter wereld \u2013 op het eind zo\u2019n 13 miljoen items bevattend \u2013 in de hoofdstad, gehuisvest in meerdere gebouwen op en rond het terrein van de dierentuin Artis. In dit musueum, ressorterend onder de Universiteit van Amsterdam, werd dit materiaal beheerd en wetenschappelijk gerubriceerd en bestudeerd, echter zeer sporadisch getoond. Dit is de waarschijnlijke reden voor de ondergang van het museum in Amsterdam, in 2011 werden de collecties overgebracht naar Leiden en samengevoegd met die andere grote Nederlanse natuurhistorische collectie, beter bekend als Naturalis.<\/p>\n<p>Wat nooit is gebeurd doet Ella Reitsma in haar boek: zij toont het publiek met haar schitterende foto\u2019s hoogtepunten uit alle collecties, die van ongewervelde en gewervelde dieren, van miniscuul tot kolossaal, van plankton\u00a0 tot \u00a0walvisskeletten. Naast een rariteitenkabinet is het boek ook een portrettengalerij. Aan de hand van archiefmateriaal dat in het museum berustte, brieven, dag- en logboeken, en door interviews laat zij personen die een rol hebben gespeeld in geschiedenis van dit museum verhalen van avontuurlijke expedities, van de poolgebieden tot de hooglanden van Nieuw Guinea en van hun fascinatie voor onbekende, vaak niet aaibare dieren.<\/p>\n<p>Deze avond gaan wij in gesprek met Ella Reitsma over deze personen, hun avonturen en hun verhalen, en het onbekende maar belangrijke instuut waar zij gewerkt hebben.<\/p>\n<p><em>Interviewer: Gijs Sevenhuijsen<\/em><\/p>\n<h5>20.45 \u2013 pauze<\/h5>\n<h5>21.00 \u2013 Moskou aan de Noordzee &#8211; Gesprek met Erik van Ree en Sjoerd Keulen<\/h5>\n<p><a href=\"https:\/\/historischcafe.nl\/wordpress\/?attachment_id=915\" rel=\"attachment wp-att-915\"><img loading=\"lazy\" decoding=\"async\" class=\"alignright size-full wp-image-915\" title=\"groenlinks\" src=\"https:\/\/historischcafe.nl\/wordpress\/wp-content\/uploads\/groenlinks.png\" alt=\"\" width=\"220\" height=\"220\" srcset=\"https:\/\/historischcafe.nl\/wordpress\/wp-content\/uploads\/groenlinks.png 220w, https:\/\/historischcafe.nl\/wordpress\/wp-content\/uploads\/groenlinks-150x150.png 150w\" sizes=\"auto, (max-width: 220px) 100vw, 220px\" \/><\/a>\u201cWat er mis is gegaan met GroenLinks is dat na de fusie van de CPN, de PSP, de PPR en de EVP er belangrijke elementen van de organisatiestructuur van de CPN zijn overgenomen. GroenLinks is sinds haar oprichting in 1990 bestuurd volgens het democratisch centralisme. Toen te veel prominente partijleden dat niet meer accepteerden in mei 2012 is het misgegaan.\u201d<\/p>\n<p>In het tweede deel van dit Historisch Caf\u00e9 onderzoekt <strong>Aafke Beukema toe Water<\/strong> (1986), promovendus geschiedenis aan de UvA en bijna tien jaar lid van GroenLinks, bovenstaande stelling. Samen met <strong>Erik van Ree <\/strong>(1953), auteur van het standaardwerk <em>Wereldrevolutie. De Communistische Beweging van Marx tot Kim Jong Il<\/em> (2005) en <strong>Sjoerd Keulen <\/strong>(1982), gespecialiseerd in de geschiedenis van bestuur en leiderschapsstijlen en auteur van <em>De leiderschapscarrousel.<\/em> <em>Waarom iedere tijd zijn eigen leider vraagt <\/em>\u00a0(2011) stelt ze haar theorie op de proef.<\/p>\n<p><em>Gespreksleider: Aafke Beukema toe Water<\/em><\/p>\n<h5>22.00 \u2013 Borrel naar believen in P\u201996<\/h5>\n","protected":false},"excerpt":{"rendered":"<p>Programma Historisch Caf\u00e9 14 november 2012 Zie ook de karikatuur &#8216;Ella Reitsmania Duizendpoot&#8217; van onze karikaturist Gijs Sevenhuijsen. 20.00 \u2013 Onder zo\u00f6logen \u2013 Interview met Ella Reitsma In Duizend en meer verhalen op sterk water (2012), vertelt kunst- en cultuurhistorica Ella Reitsma (1941) de geschiedenis van het Zo\u00f6logisch Museum Amsterdam. Welk museum? Zonder dat dit &hellip; <\/p>\n<p class=\"link-more\"><a href=\"https:\/\/historischcafe.nl\/wordpress\/?page_id=911\" class=\"more-link\">Continue reading<span class=\"screen-reader-text\"> &#8220;Programma 14 november 2012&#8221;<\/span><\/a><\/p>\n","protected":false},"author":1,"featured_media":0,"parent":19,"menu_order":0,"comment_status":"open","ping_status":"open","template":"","meta":{"footnotes":""},"class_list":["post-911","page","type-page","status-publish","hentry","entry"],"_links":{"self":[{"href":"https:\/\/historischcafe.nl\/wordpress\/index.php?rest_route=\/wp\/v2\/pages\/911","targetHints":{"allow":["GET"]}}],"collection":[{"href":"https:\/\/historischcafe.nl\/wordpress\/index.php?rest_route=\/wp\/v2\/pages"}],"about":[{"href":"https:\/\/historischcafe.nl\/wordpress\/index.php?rest_route=\/wp\/v2\/types\/page"}],"author":[{"embeddable":true,"href":"https:\/\/historischcafe.nl\/wordpress\/index.php?rest_route=\/wp\/v2\/users\/1"}],"replies":[{"embeddable":true,"href":"https:\/\/historischcafe.nl\/wordpress\/index.php?rest_route=%2Fwp%2Fv2%2Fcomments&post=911"}],"version-history":[{"count":10,"href":"https:\/\/historischcafe.nl\/wordpress\/index.php?rest_route=\/wp\/v2\/pages\/911\/revisions"}],"predecessor-version":[{"id":981,"href":"https:\/\/historischcafe.nl\/wordpress\/index.php?rest_route=\/wp\/v2\/pages\/911\/revisions\/981"}],"up":[{"embeddable":true,"href":"https:\/\/historischcafe.nl\/wordpress\/index.php?rest_route=\/wp\/v2\/pages\/19"}],"wp:attachment":[{"href":"https:\/\/historischcafe.nl\/wordpress\/index.php?rest_route=%2Fwp%2Fv2%2Fmedia&parent=911"}],"curies":[{"name":"wp","href":"https:\/\/api.w.org\/{rel}","templated":true}]}}