{"id":3633,"date":"2022-12-22T16:14:19","date_gmt":"2022-12-22T15:14:19","guid":{"rendered":"https:\/\/historischcafe.nl\/wordpress\/?page_id=3633"},"modified":"2022-12-22T16:24:42","modified_gmt":"2022-12-22T15:24:42","slug":"historisch-cafe-11-januari-2023","status":"publish","type":"page","link":"https:\/\/historischcafe.nl\/wordpress\/?page_id=3633","title":{"rendered":"Historisch Caf\u00e9 11 januari 2023"},"content":{"rendered":"<h4>Programma Historisch Caf\u00e9 11 januari 2023<\/h4>\n<h5>20.00 \u2013 <strong>Indonesi\u00eb en de Amsterdamse School. Interview met Melle van Maanen<\/strong><\/h5>\n<p><img loading=\"lazy\" decoding=\"async\" class=\"alignright wp-image-3634\" src=\"https:\/\/historischcafe.nl\/wordpress\/wp-content\/uploads\/HC-afbeelding-Het-Schip-300x200.png\" alt=\"\" width=\"460\" height=\"307\" srcset=\"https:\/\/historischcafe.nl\/wordpress\/wp-content\/uploads\/HC-afbeelding-Het-Schip-300x200.png 300w, https:\/\/historischcafe.nl\/wordpress\/wp-content\/uploads\/HC-afbeelding-Het-Schip-768x512.png 768w, https:\/\/historischcafe.nl\/wordpress\/wp-content\/uploads\/HC-afbeelding-Het-Schip.png 780w\" sizes=\"auto, (max-width: 460px) 100vw, 460px\" \/>Golvende daken en ritmische vormen: de Amsterdamse School staat bekend om zijn expressieve vormentaal. Minder bekend is echter dat de stroming is be\u00efnvloed door vormen, idee\u00ebn en technieken uit Indonesi\u00eb, het toenmalige Nederlands-Indi\u00eb.<\/p>\n<p>In de recent geopende expositie \u2018Indonesi\u00eb en de Amsterdamse School\u2019 laat Museum Het Schip de relatie tussen Indonesi\u00eb en de architectuur- en kunstbeweging zien. Hoe verwerkten architecten en kunstenaars van de Amsterdamse School Indonesische cultuuruitingen in hun werk? Welke rol speelden Indonesi\u00ebrs hierin? En hoe keken \u00e9n kijken zij naar deze invloeden? We gaan in gesprek met Melle van Maanen, curator van deze tentoonstelling, over de Indonesische invloeden op de Amsterdamse School en de verhalen daarachter.<\/p>\n<p><strong>Melle van Maanen <\/strong>studeerde erfgoedstudies aan de Universiteit van Amsterdam en koloniale en wereldgeschiedenis aan de Universiteit Leiden. Momenteel werkt hij als junior curator bij Museum Het Schip. Daarnaast doet hij archiefonderzoek voor verschillende onderzoeksprojecten.<\/p>\n<p><em>Interviewer: Ella Meng<\/em><\/p>\n<h5>20.45 \u2013 Pauze<\/h5>\n<h5>21.00 \u2013 Column van Tycho<\/h5>\n<h5>21.05 \u2013 <strong>Vleesfabrieken: de mondiale geschiedenis van de Nederlandse veehouderij. Interview met Floor Haalboom<\/strong><\/h5>\n<p><img loading=\"lazy\" decoding=\"async\" class=\"alignleft wp-image-3635\" src=\"https:\/\/historischcafe.nl\/wordpress\/wp-content\/uploads\/Animalstoday-intensieve-veehouderij-300x200.jpg\" alt=\"\" width=\"400\" height=\"266\" srcset=\"https:\/\/historischcafe.nl\/wordpress\/wp-content\/uploads\/Animalstoday-intensieve-veehouderij-300x200.jpg 300w, https:\/\/historischcafe.nl\/wordpress\/wp-content\/uploads\/Animalstoday-intensieve-veehouderij-1024x682.jpg 1024w, https:\/\/historischcafe.nl\/wordpress\/wp-content\/uploads\/Animalstoday-intensieve-veehouderij-768x511.jpg 768w, https:\/\/historischcafe.nl\/wordpress\/wp-content\/uploads\/Animalstoday-intensieve-veehouderij.jpg 1200w\" sizes=\"auto, (max-width: 400px) 100vw, 400px\" \/>Nederland is al jaren de grootste vleesexporteur van de EU en ook onze eigen vleesconsumptie blijft onverminderd hoog. De intensieve veehouderij \u2013 ook wel bekend als de bio-industrie \u2013 staat steeds meer in het licht van de schadelijke gevolgen voor dier en milieu. 2022 werd in dit opzicht gedomineerd door berichten over grootschalige mestfraude, vogelgriep en natuurlijk het stikstofdebat. En wie kent nog de Q-koorts, mond-en-klauwzeer en BSE uit de jaren \u201890 en \u201800 waarbij mensen ziek werden en waarvoor miljoenen dieren moesten worden geruimd? De bio-industrie, ooit een toonbeeld van modernisering en vooruitgang, wordt steeds meer gezien als probleem. Maar hoe is de intensivering van de Nederlandse veehouderij ooit tot stand gekomen?<\/p>\n<p>Met wetenschapshistorica Floor Haalboom duiken we in deze naoorlogse geschiedenis. Haar onderzoek laat zien dat het optuigen van deze bio-industrie verre van onvermijdelijk was en dat zelfs bedenkers van het systeem al vroeg de mogelijke gevaren erkenden. Waarom kwam de intensieve veehouderij in Nederland dan toch tot stand? Welke partijen en welke belangen speelden een rol? Naast de oorzaken geeft Floor ons ook een inkijk in de wereldwijde gevolgen van deze nationale onderneming, want de geschiedenis van de intensieve Nederlandse veehouderij reikt tot in de binnenlanden van Paraguay, Brazili\u00eb en Argentini\u00eb.<\/p>\n<p><strong>Floor Haalboom<\/strong> is Universitair Docent Medische Geschiedenis aan de Erasmus Universiteit. Als wetenschapshistorica bestudeert ze de wisselwerking tussen intensieve veehouderij, volksgezondheid en het milieu. Ze promoveerde in 2017 op haar proefschrift <em>Negotiating Zoonoses: Dealings with infectious diseases shared by humans and livestock in the Netherlands (1898-2001)<\/em> en momenteel doet ze onderzoek naar de wereldwijde gevolgen van de Nederlandse veehouderij in haar Veni-project &#8216;What does your meat eat? A global environmental history of Dutch livestock feed (1954-2020)&#8217;.<\/p>\n<p><em>Interviewer: Ele\u00e1 de la Porte<\/em><\/p>\n<h5>22.00 \u2013 Borrelen naar believen in P96<\/h5>\n","protected":false},"excerpt":{"rendered":"<p>Programma Historisch Caf\u00e9 11 januari 2023 20.00 \u2013 Indonesi\u00eb en de Amsterdamse School. Interview met Melle van Maanen Golvende daken en ritmische vormen: de Amsterdamse School staat bekend om zijn expressieve vormentaal. Minder bekend is echter dat de stroming is be\u00efnvloed door vormen, idee\u00ebn en technieken uit Indonesi\u00eb, het toenmalige Nederlands-Indi\u00eb. In de recent geopende &hellip; <\/p>\n<p class=\"link-more\"><a href=\"https:\/\/historischcafe.nl\/wordpress\/?page_id=3633\" class=\"more-link\">Continue reading<span class=\"screen-reader-text\"> &#8220;Historisch Caf\u00e9 11 januari 2023&#8221;<\/span><\/a><\/p>\n","protected":false},"author":1,"featured_media":0,"parent":19,"menu_order":0,"comment_status":"closed","ping_status":"closed","template":"","meta":{"footnotes":""},"class_list":["post-3633","page","type-page","status-publish","hentry","entry"],"_links":{"self":[{"href":"https:\/\/historischcafe.nl\/wordpress\/index.php?rest_route=\/wp\/v2\/pages\/3633","targetHints":{"allow":["GET"]}}],"collection":[{"href":"https:\/\/historischcafe.nl\/wordpress\/index.php?rest_route=\/wp\/v2\/pages"}],"about":[{"href":"https:\/\/historischcafe.nl\/wordpress\/index.php?rest_route=\/wp\/v2\/types\/page"}],"author":[{"embeddable":true,"href":"https:\/\/historischcafe.nl\/wordpress\/index.php?rest_route=\/wp\/v2\/users\/1"}],"replies":[{"embeddable":true,"href":"https:\/\/historischcafe.nl\/wordpress\/index.php?rest_route=%2Fwp%2Fv2%2Fcomments&post=3633"}],"version-history":[{"count":3,"href":"https:\/\/historischcafe.nl\/wordpress\/index.php?rest_route=\/wp\/v2\/pages\/3633\/revisions"}],"predecessor-version":[{"id":3642,"href":"https:\/\/historischcafe.nl\/wordpress\/index.php?rest_route=\/wp\/v2\/pages\/3633\/revisions\/3642"}],"up":[{"embeddable":true,"href":"https:\/\/historischcafe.nl\/wordpress\/index.php?rest_route=\/wp\/v2\/pages\/19"}],"wp:attachment":[{"href":"https:\/\/historischcafe.nl\/wordpress\/index.php?rest_route=%2Fwp%2Fv2%2Fmedia&parent=3633"}],"curies":[{"name":"wp","href":"https:\/\/api.w.org\/{rel}","templated":true}]}}