{"id":3504,"date":"2021-11-03T16:02:42","date_gmt":"2021-11-03T15:02:42","guid":{"rendered":"http:\/\/historischcafe.nl\/wordpress\/?page_id=3504"},"modified":"2023-09-01T21:54:49","modified_gmt":"2023-09-01T20:54:49","slug":"historisch-cafe-10-november-2021","status":"publish","type":"page","link":"https:\/\/historischcafe.nl\/wordpress\/?page_id=3504","title":{"rendered":"Historisch Caf\u00e9 10 november 2021"},"content":{"rendered":"<h4>Programma Historisch Caf\u00e9 10 november 2021<\/h4>\n<h5>20.00 &#8211; Hulp aan onderduikers &#8211; Het verhaal van de familie Sch\u00f6ffer<\/h5>\n<p><span style=\"color: #000000; font-family: arial, sans-serif;\"><img loading=\"lazy\" decoding=\"async\" class=\"alignright wp-image-3506\" src=\"https:\/\/historischcafe.nl\/wordpress\/wp-content\/uploads\/schoffer.jpeg\" alt=\"\" width=\"300\" height=\"479\" srcset=\"https:\/\/historischcafe.nl\/wordpress\/wp-content\/uploads\/schoffer.jpeg 526w, https:\/\/historischcafe.nl\/wordpress\/wp-content\/uploads\/schoffer-188x300.jpeg 188w\" sizes=\"auto, (max-width: 300px) 100vw, 300px\" \/><\/span><\/p>\n<p><span style=\"color: black;\">Bij het horen van de naam Ivo Sch\u00f6ffer zullen veel historici denken aan de hoogleraar vaderlandse geschiedenis aan de Universiteit Leiden. Minder bekend is dat hij als jonge student en lid van Unica tijdens de Tweede Wereldoorlog een groot aantal Joodse onderduikers verzorgde in het dispuutshuis aan de Reguliersgracht in Amsterdam. Gerben Post schetst in het boek\u00a0<i>Sch\u00f6ffer &amp; Co. Familiebedrijf in verzetszaken<\/i>\u00a0een zeer gedetailleerd beeld van de verzetsdaden van Ivo, zijn zus Lidia en andere familieleden die direct en indirect honderden levens hebben gered.\u00a0<\/span><\/p>\n<p><strong><span style=\"color: black;\">Gerben Post<\/span><\/strong><span style=\"color: black;\"> (1978) is als historicus en educator verbonden aan verschillende museale instellingen zoals de Anne Frank Stichting, het Joods Cultureel Kwartier en het Nationaal Onderduikmuseum. Hij doet historisch onderzoek en publiceerde eerder\u00a0<em>Lotty\u2019s bankje. Stilstaan bij de Jodenvervolging in Amsterdam<\/em>.<\/span><\/p>\n<p><em>Interviewer: Inger Schaap<\/em><\/p>\n<h5><strong>20.45 <\/strong><strong>\u2013 <\/strong><strong>Pauze<\/strong><\/h5>\n<h5><strong>21.00 \u2013 Column van Gijs<\/strong><\/h5>\n<h5><strong>21.05 \u2013 Thijsse en Nescio &#8211; Twee generaties natuurdagboeken in Nederland<\/strong><\/h5>\n<p class=\"x_p1\"><img loading=\"lazy\" decoding=\"async\" class=\"alignleft wp-image-3507\" src=\"https:\/\/historischcafe.nl\/wordpress\/wp-content\/uploads\/Thijsses-hof-200x300.jpg\" alt=\"\" width=\"300\" height=\"450\" srcset=\"https:\/\/historischcafe.nl\/wordpress\/wp-content\/uploads\/Thijsses-hof-200x300.jpg 200w, https:\/\/historischcafe.nl\/wordpress\/wp-content\/uploads\/Thijsses-hof-683x1024.jpg 683w, https:\/\/historischcafe.nl\/wordpress\/wp-content\/uploads\/Thijsses-hof-768x1152.jpg 768w, https:\/\/historischcafe.nl\/wordpress\/wp-content\/uploads\/Thijsses-hof-1024x1536.jpg 1024w, https:\/\/historischcafe.nl\/wordpress\/wp-content\/uploads\/Thijsses-hof-1366x2048.jpg 1366w, https:\/\/historischcafe.nl\/wordpress\/wp-content\/uploads\/Thijsses-hof-1568x2351.jpg 1568w, https:\/\/historischcafe.nl\/wordpress\/wp-content\/uploads\/Thijsses-hof-scaled.jpg 1707w\" sizes=\"auto, (max-width: 300px) 100vw, 300px\" \/>Jac. P. Thijsse (1865-1945) was natuurkenner, voorvechter van de natuurbescherming in Nederland en auteur van de beroemde Verkade-albums. Afgelopen zomer werden zijn vroegste wandeldagboeken uitgegeven, getiteld\u00a0<i>Nu ga ik er eens op uit<\/i>. Die zogenaamde natuurdagboeken waren niet bedoeld voor publicatie, het waren aantekeningen van de planten en dieren die Thijsse tegenkwam op zijn zwerftochten, hoe het weer was en hoe het landschap eruit zag. In de teksten komen we heel dicht bij de waarnemer die Jac. P. Thijsse was.<span class=\"x_Apple-converted-space\">\u00a0<\/span><\/p>\n<p class=\"x_p1\">De schrijver J.H.F. Gr\u00f6nloh, beter bekend als Nescio (1882-1961) was een generatie jonger dan Thijsse en hield ook een natuurdagboek bij. Ook dit dagboek, dat niet bestemd was voor publicatie, werd pas na zijn dood uitgegeven. Nescio had minder botanische kennis dan Thijsse en beschreef hoe de natuur zijn gemoed be\u00efnvloedde, hoe het licht viel en hoe de seizoenen veranderden. Hij schreef als een schilder, in tijdloze en intieme beelden.<span class=\"x_Apple-converted-space\">\u00a0<\/span>Lieneke Frerichs en Rob van Dam komen vertellen over respectievelijk Nescio en Jac. P. Thijsse en hun natuurdagboeken. Wat was hun natuurbeeld? Waarin verschillen hun dagboeken van elkaar, en waarin komen ze overeen? En bestaat er zoiets als een traditie van het Nederlandse natuurdagboek?<span class=\"x_Apple-converted-space\">\u00a0<\/span><\/p>\n<p class=\"x_p1\"><strong>Lieneke Frerichs<\/strong> is neerlandica en was hoofdredacteur bij uitgaven van het werk van Karel van het Reven en Herman Gorter. Ze publiceerde veel over Nescio en schreef\u00a0<i>Nescio. Leven en werk van J.H.F. Gr\u00f6nloh<\/i>, de biografie die dit jaar uitkwam bij van Oorschot.<\/p>\n<p class=\"x_p1\"><strong>Rob van Dam<\/strong> is al bijna zijn hele leven bewonderaar van het werk van Thijsse en vrijwilliger bij Thijsse\u2019s Hof, een heemtuin voor natuureducatie die (deels) is ontworpen door Jac. P. Thijsse zelf.<span class=\"x_Apple-converted-space\">\u00a0<\/span><\/p>\n<p class=\"x_p1\"><em>Interviewer: Laura Lubbers<\/em><\/p>\n<h5>22.00 &#8211; Borrelen naar believen in P96<\/h5>\n","protected":false},"excerpt":{"rendered":"<p>Programma Historisch Caf\u00e9 10 november 2021 20.00 &#8211; Hulp aan onderduikers &#8211; Het verhaal van de familie Sch\u00f6ffer Bij het horen van de naam Ivo Sch\u00f6ffer zullen veel historici denken aan de hoogleraar vaderlandse geschiedenis aan de Universiteit Leiden. Minder bekend is dat hij als jonge student en lid van Unica tijdens de Tweede Wereldoorlog &hellip; <\/p>\n<p class=\"link-more\"><a href=\"https:\/\/historischcafe.nl\/wordpress\/?page_id=3504\" class=\"more-link\">Continue reading<span class=\"screen-reader-text\"> &#8220;Historisch Caf\u00e9 10 november 2021&#8221;<\/span><\/a><\/p>\n","protected":false},"author":1,"featured_media":0,"parent":19,"menu_order":0,"comment_status":"closed","ping_status":"closed","template":"","meta":{"footnotes":""},"class_list":["post-3504","page","type-page","status-publish","hentry","entry"],"_links":{"self":[{"href":"https:\/\/historischcafe.nl\/wordpress\/index.php?rest_route=\/wp\/v2\/pages\/3504","targetHints":{"allow":["GET"]}}],"collection":[{"href":"https:\/\/historischcafe.nl\/wordpress\/index.php?rest_route=\/wp\/v2\/pages"}],"about":[{"href":"https:\/\/historischcafe.nl\/wordpress\/index.php?rest_route=\/wp\/v2\/types\/page"}],"author":[{"embeddable":true,"href":"https:\/\/historischcafe.nl\/wordpress\/index.php?rest_route=\/wp\/v2\/users\/1"}],"replies":[{"embeddable":true,"href":"https:\/\/historischcafe.nl\/wordpress\/index.php?rest_route=%2Fwp%2Fv2%2Fcomments&post=3504"}],"version-history":[{"count":3,"href":"https:\/\/historischcafe.nl\/wordpress\/index.php?rest_route=\/wp\/v2\/pages\/3504\/revisions"}],"predecessor-version":[{"id":3512,"href":"https:\/\/historischcafe.nl\/wordpress\/index.php?rest_route=\/wp\/v2\/pages\/3504\/revisions\/3512"}],"up":[{"embeddable":true,"href":"https:\/\/historischcafe.nl\/wordpress\/index.php?rest_route=\/wp\/v2\/pages\/19"}],"wp:attachment":[{"href":"https:\/\/historischcafe.nl\/wordpress\/index.php?rest_route=%2Fwp%2Fv2%2Fmedia&parent=3504"}],"curies":[{"name":"wp","href":"https:\/\/api.w.org\/{rel}","templated":true}]}}