{"id":243,"date":"2011-12-19T17:52:34","date_gmt":"2011-12-19T16:52:34","guid":{"rendered":"http:\/\/historischcafe.nl\/wordpress\/?page_id=243"},"modified":"2011-12-19T17:57:09","modified_gmt":"2011-12-19T16:57:09","slug":"programma-30-mei-2011","status":"publish","type":"page","link":"https:\/\/historischcafe.nl\/wordpress\/?page_id=243","title":{"rendered":"Programma 30 mei 2011"},"content":{"rendered":"<h4>Programma extra Historisch Caf\u00e9 30 mei 2011 (Spui 25)<\/h4>\n<p>&nbsp;<\/p>\n<h5>20.00 uur De Grote Sprong Voorwaarts: Mao&#8217;s massamoord<\/h5>\n<p><a href=\"https:\/\/historischcafe.nl\/wordpress\/?attachment_id=246\" rel=\"attachment wp-att-246\"><img loading=\"lazy\" decoding=\"async\" class=\"alignright size-full wp-image-246\" title=\"maos_massamoord\" src=\"https:\/\/historischcafe.nl\/wordpress\/wp-content\/uploads\/maos_massamoord.jpg\" alt=\"\" width=\"230\" height=\"349\" srcset=\"https:\/\/historischcafe.nl\/wordpress\/wp-content\/uploads\/maos_massamoord.jpg 230w, https:\/\/historischcafe.nl\/wordpress\/wp-content\/uploads\/maos_massamoord-197x300.jpg 197w\" sizes=\"auto, (max-width: 230px) 100vw, 230px\" \/><\/a>Het Historisch Caf\u00e9 organiseert in samenwerking met uitgeverij UnieboekSpectrum een Extra Historisch Caf\u00e9 vanwege het verschijnen van <em>Mao&#8217;s massamoord. De geschiedenis van China&#8217;s grootste drama, 1958-1962 van Frank Dik\u00f6tter<\/em>. Deze Nederlandse vertaling van Mao&#8217;s Great Famine. The History of China&#8217;s Most Devastating Catastrophe, 1958-1962 verscheen deze maand. <strong>NB. Voertaal: Engels.<\/strong><\/p>\n<p>Mao&#8217;s Grote Sprong Voorwaarts kostte tussen 1958 en 1962 zo&#8217;n 45 miljoen Chinezen het leven, becijfert Frank Dik\u00f6tter in <em>Mao&#8217;s massamoord<\/em>. Dit aantal is misschien niet nieuw, maar wel het gedegen onderzoek waarop Dik\u00f6tter dit baseert. Hij kreeg toegang tot tal van (recentelijk geopende) Chinese archieven, zowel op lokaal als op provinciaal en landelijk niveau. <em>Mao&#8217;s massamoord<\/em> is een aangrijpend verslag van een van de donkerste perioden uit China&#8217;s geschiedenis, die in het Westen vreemd genoeg altijd een stuk minder aandacht heeft getrokken dan de misdaden van bijvoorbeeld Stalin of Hitler &#8211; maar aan de omvang van de catastrofe heeft dat niet gelegen. Hoe kon een ramp van deze omvang plaatsvinden?<\/p>\n<p>Na een interview met Dik\u00f6tter over de hoofdlijnen van <em>Mao&#8217;s massamoord<\/em> gaan we in een gesprek met hem en Stefan Landsberger de diepte in.<\/p>\n<p><strong>Frank Dik\u00f6tter<\/strong> (1961) werd in Nederland geboren, groeide op in Zwitserland en studeerde Russisch en geschiedenis in Gen\u00e8ve. Momenteel is hij hoogleraar Humanistiek aan de Universiteit van Hong Kong en hoogleraar Moderne Chinese geschiedenis aan de Universiteit van Londen. V\u00f3\u00f3r <em>Mao&#8217;s massamoord<\/em> publiceerde hij al acht andere boeken over China, waaronder <em>The Age of Openness: China before Mao<\/em> (2008). Meer informatie op frankdik\u00f6tter.com.<\/p>\n<p><strong>Stefan Landsberger<\/strong> (1955) is verbonden aan het Leiden Institute for Area Studies (LIAS) van de Universiteit Leiden, met als specialisatie het moderne China. Zijn grote collectie Chinese propagandaposters is te bezichtigen op chineseposters.net.<\/p>\n<p><a href=\"https:\/\/historischcafe.nl\/wordpress\/wp-content\/uploads\/mao_blij_met_een_dooie_mus.jpg\">Zie ook de karikatuur &#8216;Mao blij met een dode mus&#8217;<\/a><\/p>\n","protected":false},"excerpt":{"rendered":"<p>Programma extra Historisch Caf\u00e9 30 mei 2011 (Spui 25) &nbsp; 20.00 uur De Grote Sprong Voorwaarts: Mao&#8217;s massamoord Het Historisch Caf\u00e9 organiseert in samenwerking met uitgeverij UnieboekSpectrum een Extra Historisch Caf\u00e9 vanwege het verschijnen van Mao&#8217;s massamoord. De geschiedenis van China&#8217;s grootste drama, 1958-1962 van Frank Dik\u00f6tter. Deze Nederlandse vertaling van Mao&#8217;s Great Famine. The &hellip; <\/p>\n<p class=\"link-more\"><a href=\"https:\/\/historischcafe.nl\/wordpress\/?page_id=243\" class=\"more-link\">Continue reading<span class=\"screen-reader-text\"> &#8220;Programma 30 mei 2011&#8221;<\/span><\/a><\/p>\n","protected":false},"author":1,"featured_media":0,"parent":19,"menu_order":0,"comment_status":"open","ping_status":"open","template":"","meta":{"footnotes":""},"class_list":["post-243","page","type-page","status-publish","hentry","entry"],"_links":{"self":[{"href":"https:\/\/historischcafe.nl\/wordpress\/index.php?rest_route=\/wp\/v2\/pages\/243","targetHints":{"allow":["GET"]}}],"collection":[{"href":"https:\/\/historischcafe.nl\/wordpress\/index.php?rest_route=\/wp\/v2\/pages"}],"about":[{"href":"https:\/\/historischcafe.nl\/wordpress\/index.php?rest_route=\/wp\/v2\/types\/page"}],"author":[{"embeddable":true,"href":"https:\/\/historischcafe.nl\/wordpress\/index.php?rest_route=\/wp\/v2\/users\/1"}],"replies":[{"embeddable":true,"href":"https:\/\/historischcafe.nl\/wordpress\/index.php?rest_route=%2Fwp%2Fv2%2Fcomments&post=243"}],"version-history":[{"count":15,"href":"https:\/\/historischcafe.nl\/wordpress\/index.php?rest_route=\/wp\/v2\/pages\/243\/revisions"}],"predecessor-version":[{"id":263,"href":"https:\/\/historischcafe.nl\/wordpress\/index.php?rest_route=\/wp\/v2\/pages\/243\/revisions\/263"}],"up":[{"embeddable":true,"href":"https:\/\/historischcafe.nl\/wordpress\/index.php?rest_route=\/wp\/v2\/pages\/19"}],"wp:attachment":[{"href":"https:\/\/historischcafe.nl\/wordpress\/index.php?rest_route=%2Fwp%2Fv2%2Fmedia&parent=243"}],"curies":[{"name":"wp","href":"https:\/\/api.w.org\/{rel}","templated":true}]}}