{"id":2413,"date":"2017-11-01T14:58:02","date_gmt":"2017-11-01T13:58:02","guid":{"rendered":"http:\/\/historischcafe.nl\/wordpress\/?page_id=2413"},"modified":"2017-11-01T15:19:00","modified_gmt":"2017-11-01T14:19:00","slug":"2413-2","status":"publish","type":"page","link":"https:\/\/historischcafe.nl\/wordpress\/?page_id=2413","title":{"rendered":"Historisch Caf\u00e9 8 november 2017"},"content":{"rendered":"<h4>Programma Historisch Caf\u00e9 8 november 2017<\/h4>\n<h5>20.00 uur \u2013 100 jaar Oktoberrevolutie &#8211; de gebeurtenissen van 7 november 1917 en hun verstrekkende gevolgen wereldwijd<\/h5>\n<figure id=\"attachment_2415\" aria-describedby=\"caption-attachment-2415\" style=\"width: 221px\" class=\"wp-caption alignleft\"><img loading=\"lazy\" decoding=\"async\" class=\"wp-image-2415 size-medium\" src=\"https:\/\/historischcafe.nl\/wordpress\/wp-content\/uploads\/Eisenstein-221x300.jpg\" alt=\"Eisenstein\" width=\"221\" height=\"300\" srcset=\"https:\/\/historischcafe.nl\/wordpress\/wp-content\/uploads\/Eisenstein-221x300.jpg 221w, https:\/\/historischcafe.nl\/wordpress\/wp-content\/uploads\/Eisenstein.jpg 325w\" sizes=\"auto, (max-width: 221px) 100vw, 221px\" \/><figcaption id=\"caption-attachment-2415\" class=\"wp-caption-text\">Still uit Sergej Eisensteins &#8216;Oktober&#8217;<\/figcaption><\/figure>\n<p>Petrograd, 7 november 1917. De bolsjewieken onder leiding van Vladimir Lenin zetten de Voorlopige Regering af en trekken de macht naar zich toe. Was wat bekend is komen te staan als de Oktoberrevolutie een ordinaire staatsgreep? Of hadden deze gebeurtenissen wel degelijk een revolutionair karakter, door de ingrijpende maatregelen die de bolsjewieken hierop volgend doorvoerden? Wat is er precies gebeurd in die maanden, wat ging er aan vooraf en hoe radicaal waren de bolsjewieken? Welke andere partijen speelden een rol in de chaotische situatie voor en na de Revolutie, die uiteindelijk tot een burgeroorlog leidde?<\/p>\n<p>Op deze vragen heeft Gijs Kessler, senior onderzoeker bij het Internationaal Instituut voor Sociale Geschiedenis, een antwoord. Het 100-jarig jubileum van de Russische Revolutie is daarnaast een uitstekend moment om terug te kijken op de langdurige invloed en nasleep van de gebeurtenissen in oktober 1917. De Revolutie werd niet alleen h\u00e9t ijkpunt en voorbeeld voor latere sociale en politieke revoluties in de hele wereld, maar kan ook als een indirecte oorzaak van bijvoorbeeld de Europese verzorgingsstaat beschouwd worden.<\/p>\n<p>Ten slotte bespreken wij in het eerste onderdeel van dit Historisch Caf\u00e9 ook hoe men in Rusland \u2013 of de Sovjet-Unie \u2013 zelf in de loop der jaren tegen de Oktoberrevolutie en haar verstrekkende gevolgen aangekeken heeft. Onder Stalin was er misschien wel sprake van een mythologisering \u2013 tot uiting gekomen in bijvoorbeeld Sergej Eisensteins film <em>Oktober<\/em> \u2013 in de periode van de <em>glasnost<\/em> en <em>perestrojka<\/em> onder Gorbatsjov werd de Revolutie weer heel anders uitgelegd. Ook in hedendaags Rusland is er een dubbelzinnige houding te bespeuren ten aanzien van de erfenis van oktober 1917.<\/p>\n<p><strong>Gijs Kessler <\/strong>is senior onderzoeker aan het Internationaal Instituut voor Sociale Geschiedenis (IISG) en is als zodanig gespecialiseerd in de sociale geschiedenis van Rusland en de Sovjet-Unie. Hij heeft van 2002 tot 2016 in Moskou gewoond en gewerkt voor het IISG en heeft daar lesgegeven in Russische sociale en economische geschiedenis.<\/p>\n<p><em>Interviewer: Joppe Schaaper<br \/>\n<\/em><\/p>\n<h5>20.45 uur &#8211; Pauze<\/h5>\n<h5>21.00 uur &#8211; Column van Gijs<\/h5>\n<h5>21.05 uur &#8211; <span lang=\"NL\">Artistieke vrijheid en censuur op Cuba sinds de jaren \u201980 tot nu<\/span><\/h5>\n<figure id=\"attachment_2414\" aria-describedby=\"caption-attachment-2414\" style=\"width: 300px\" class=\"wp-caption alignright\"><img loading=\"lazy\" decoding=\"async\" class=\"wp-image-2414 size-medium\" src=\"https:\/\/historischcafe.nl\/wordpress\/wp-content\/uploads\/BienalHabana2015-300x200.jpg\" alt=\"BienalHabana2015\" width=\"300\" height=\"200\" srcset=\"https:\/\/historischcafe.nl\/wordpress\/wp-content\/uploads\/BienalHabana2015-300x200.jpg 300w, https:\/\/historischcafe.nl\/wordpress\/wp-content\/uploads\/BienalHabana2015-768x512.jpg 768w, https:\/\/historischcafe.nl\/wordpress\/wp-content\/uploads\/BienalHabana2015.jpg 980w\" sizes=\"auto, (max-width: 300px) 100vw, 300px\" \/><figcaption id=\"caption-attachment-2414\" class=\"wp-caption-text\">Kunstwerk op de Biennale van Havana in 2015<\/figcaption><\/figure>\n<p class=\"x_MsoNormal\"><span lang=\"NL\">Vorig seizoen spraken we met Gert Oostindie over de zogenaamde eeuwige Cubaanse revolutie en over \u00e9\u00e9n van de vaders van die revolutie, Jos\u00e9 Marti. Deze keer verdiepen we ons in de geschiedenis van het Cubaanse artistieke leven in de laatste decennia. Artistieke vrijheid is niet het eerste waar\u00a0aan gedacht wordt met het controlerende regime van de Castro\u2019s in het achterhoofd. Maar de kunsten zijn enorm belangrijk voor de Cubaanse cultuur. De <i>casas las artes <\/i>(galerie\u00ebn) en musea zijn overal, net zoals de <i>casas de la trova <\/i>(muziekpodia). Muziek klinkt daarnaast op elke hoek en uit elke kamer. Veel kunstzinnige instituten zijn echter van de staat, en worden zodoende gecontroleerd. Ook werd het\u00a0revolutionaire gedachtegoed veelvuldig via muziek en beeld verspreid. <\/span><\/p>\n<p class=\"x_MsoNormal\"><span lang=\"NL\">Maar dat is maar \u00e9\u00e9n kant van\u00a0van het verhaal. De Cubaanse artistieke cultuur bouwt immers net zo goed voort op tradities van voor de revolutie, en heeft zich uiteraard ook daarna flink doorontwikkeld. Op Cuba zijn er ondertussen vele particuliere initiatieven te vinden die een veel grotere artistieke vrijheid bieden. Hoe zit het nou met die artistieke vrijheid en censuur op Cuba, na de revolutie en nu? En wat zeggen de muzikale en kunstzinnige uitingen over de Cubaanse maatschappij en gemeenschap? We proberen een aantal boeiende aspecten te bespreken met twee gasten:<\/span><\/p>\n<p class=\"x_MsoNormal\"><b><span lang=\"NL\">Stephanie Noach<\/span><\/b><span lang=\"NL\"> is kunsthistorica, en promoveert aan de Universiteit van Leiden. Ze is als (gast)curator betrokken geweest bij vele tentoonstellingen op Cuba (waaronder die op de tweejaarlijkse Havana Biennial) en was docent aan de <i>Instituto Superior de Arte <\/i>in Havana.<\/span><\/p>\n<p><b><span lang=\"NL\">Jeffrey Pijpers <\/span><\/b><span lang=\"NL\">promoveerde in 2016 aan de Universiteit van Amsterdam op zijn proefschrift <i>Sonic Resistance. <\/i><\/span><i>Diaspora, Marginality and Censorship in Cuban and Brazilian Popular Music<\/i>. <span lang=\"NL\">Hij onderzocht\u00a0 onder andere\u00a0de muziek van de Cubaanse \u2018underground\u2019 sinds de jaren \u201880, en hoe daarin weerstand tegen de censuur en de identiteit van de muzikant is terug te vinden. \u00a0\u00a0\u00a0<\/span><\/p>\n<p><em>Gespreksleider: Nathan van Kleij<br \/>\n<\/em><\/p>\n<h5>22.00 uur \u2013 Borrel naar believen in P\u201996<\/h5>\n","protected":false},"excerpt":{"rendered":"<p>Programma Historisch Caf\u00e9 8 november 2017 20.00 uur \u2013 100 jaar Oktoberrevolutie &#8211; de gebeurtenissen van 7 november 1917 en hun verstrekkende gevolgen wereldwijd Petrograd, 7 november 1917. De bolsjewieken onder leiding van Vladimir Lenin zetten de Voorlopige Regering af en trekken de macht naar zich toe. Was wat bekend is komen te staan als &hellip; <\/p>\n<p class=\"link-more\"><a href=\"https:\/\/historischcafe.nl\/wordpress\/?page_id=2413\" class=\"more-link\">Continue reading<span class=\"screen-reader-text\"> &#8220;Historisch Caf\u00e9 8 november 2017&#8221;<\/span><\/a><\/p>\n","protected":false},"author":1,"featured_media":0,"parent":19,"menu_order":0,"comment_status":"closed","ping_status":"closed","template":"","meta":{"footnotes":""},"class_list":["post-2413","page","type-page","status-publish","hentry","entry"],"_links":{"self":[{"href":"https:\/\/historischcafe.nl\/wordpress\/index.php?rest_route=\/wp\/v2\/pages\/2413","targetHints":{"allow":["GET"]}}],"collection":[{"href":"https:\/\/historischcafe.nl\/wordpress\/index.php?rest_route=\/wp\/v2\/pages"}],"about":[{"href":"https:\/\/historischcafe.nl\/wordpress\/index.php?rest_route=\/wp\/v2\/types\/page"}],"author":[{"embeddable":true,"href":"https:\/\/historischcafe.nl\/wordpress\/index.php?rest_route=\/wp\/v2\/users\/1"}],"replies":[{"embeddable":true,"href":"https:\/\/historischcafe.nl\/wordpress\/index.php?rest_route=%2Fwp%2Fv2%2Fcomments&post=2413"}],"version-history":[{"count":5,"href":"https:\/\/historischcafe.nl\/wordpress\/index.php?rest_route=\/wp\/v2\/pages\/2413\/revisions"}],"predecessor-version":[{"id":2423,"href":"https:\/\/historischcafe.nl\/wordpress\/index.php?rest_route=\/wp\/v2\/pages\/2413\/revisions\/2423"}],"up":[{"embeddable":true,"href":"https:\/\/historischcafe.nl\/wordpress\/index.php?rest_route=\/wp\/v2\/pages\/19"}],"wp:attachment":[{"href":"https:\/\/historischcafe.nl\/wordpress\/index.php?rest_route=%2Fwp%2Fv2%2Fmedia&parent=2413"}],"curies":[{"name":"wp","href":"https:\/\/api.w.org\/{rel}","templated":true}]}}