{"id":225,"date":"2011-12-19T17:39:15","date_gmt":"2011-12-19T16:39:15","guid":{"rendered":"http:\/\/historischcafe.nl\/wordpress\/?page_id=225"},"modified":"2011-12-19T17:47:35","modified_gmt":"2011-12-19T16:47:35","slug":"programma-22-juni-2011","status":"publish","type":"page","link":"https:\/\/historischcafe.nl\/wordpress\/?page_id=225","title":{"rendered":"Programma 22 juni 2011"},"content":{"rendered":"<h4>Programma extra Historisch Caf\u00e9 22 juni 2011 (Spui 25)<\/h4>\n<p><strong>Dit Extra Historisch Caf\u00e9 vindt plaats in SPUI25. Toegang is gratis, aanmelden is verplicht. NB. Voertaal: Engels.<\/strong><\/p>\n<p>Het Historisch Caf\u00e9 organiseert in samenwerking met het academisch-cultureel centrum SPUI25 (Spui 25-27, Amsterdam) en uitgeverij Nieuw Amsterdam een Extra Historisch Caf\u00e9 vanwege het verschijnen van <em>De Rode Belofte. Hoe de Sovjetdroom werkelijkheid leek te worden<\/em> van Francis Spufford. Deze Nederlandse vertaling van <em>Red Plenty. Industry! Progress! Abundance! Inside the Fifies&#8217; Soviet Dream<\/em> verscheen deze maand bij uitgeverij Nieuw Amsterdam.<\/p>\n<h5>20.00 \u2013 De Rode Belofte. Het idee, het boek en de auteur \u2013 met Francis Spufford<\/h5>\n<p><a href=\"https:\/\/historischcafe.nl\/wordpress\/?attachment_id=227\" rel=\"attachment wp-att-227\"><img loading=\"lazy\" decoding=\"async\" class=\"alignright size-full wp-image-227\" title=\"de_rode_belofte\" src=\"https:\/\/historischcafe.nl\/wordpress\/wp-content\/uploads\/de_rode_belofte.jpg\" alt=\"\" width=\"200\" height=\"280\" \/><\/a>Het klinkt misschien vreemd, maar de grauwe, onderdrukkende Sovjet-Unie was gegrondvest op een sprookje. Dat stoelde op een vorm van twintigste-eeuwse magie: de planeconomie. Die zou leiden tot een golf van goede dingen waar de kapitalistische landen niet aan konden tippen. En heel even, aan het einde van de onstuimige jaren vijftig, leek het erop dat die magie werkelijkheid zou worden. In <em>De Rode Belofte. Hoe de Sovjetdroom werkelijkheid leek te worden<\/em>, een intrigerende mix van historische werkelijkheid en fictie-elementen, vertelt Francis Spufford over dat moment in de geschiedenis, hoe het ontstond en hoe het voorbijging; over het korte tijdperk waarin de Sovjet-Unie leek af te stevenen op een toekomst met rijke communisten en afgunstige kapitalisten, waarin de glans van Moskou die van Manhattan zou overtreffen. Waarom ging het dan t\u00f3ch mis? Francis Spufford geeft een introductie op zijn boek.<\/p>\n<p><strong>Francis Spufford<\/strong> (1964) is een voormalig <em>Sunday Times Writer of the Year<\/em> (1997). Hij won verscheidene prestigieuze prijzen met zijn eerste boek, <em>I May Be Some Time<\/em>, waarna nog verscheidene veelgeprezen boeken volgden; ook werd hij toegelaten tot de <em>Royal Society of Literature<\/em>. Spufford doceert <em>creative writing<\/em> aan Goldsmiths College, University of London, en woont in de buurt van Cambridge. Meer over <em>Red Plenty<\/em> op redplenty.com.<\/p>\n<h5>20.30 \u2013 Utopie en werkelijkheid, feiten en fictie \u2013 Discussie met Francis Spufford en Erik van Ree<\/h5>\n<p>Een gesprek met Francis Spufford en Erik van Ree over de droom dat de Sovjet-planeconomie beter zou functioneren dan de Westerse vrije markt en andere communistische utopie\u00ebn, en over het ruwe ontwaken uit die droom. En over de vraag hoeveel Sovjets en hoeveel Westerlingen nou eigenlijk geloofden in die droom &#8211; en wanneer ze precies ontdekten dat de werkelijkheid heel anders uitpakte.<\/p>\n<p><strong>Erik van Ree<\/strong> (1953) is als universitair docent verbonden aan de opleiding Europese Studies van de UvA, waar hij in 1988 promoveerde. Van 1973 tot 1981 was hij actief in diverse mao\u00efstische organisaties. Daarna is hij zich met de studie van het communisme en het stalinisme blijven bezig houden. Hij schreef onder meer <em>De totalitaire paradox. De terroristische massademocratie van Stalin en Mao<\/em> (1984); <em>Bloedbroeders. Stalin, Hitler en hun pact<\/em> (1989); <em>Socialism in One Zone. Stalin&#8217;s Policy in Korea, 1945-47<\/em> (1989); <em>The Rise and Fall of the Soviet Politburo<\/em> (1992; co-auteur); <em>The Political Thought of Joseph Stalin. A Study in Twentieth-Century Revolutionary Patriotism<\/em> (2002) en <em>Wereldrevolutie: De communistische beweging van Marx tot Kim Jong Il<\/em> (2006).<\/p>\n<p><em>Gespreksleiding: Joop Hopster<\/em><\/p>\n<p><a href=\"https:\/\/historischcafe.nl\/wordpress\/wp-content\/uploads\/redman.jpg\">Zie ook de karikatuur &#8216;Redman&#8217;<\/a><\/p>\n","protected":false},"excerpt":{"rendered":"<p>Programma extra Historisch Caf\u00e9 22 juni 2011 (Spui 25) Dit Extra Historisch Caf\u00e9 vindt plaats in SPUI25. Toegang is gratis, aanmelden is verplicht. NB. Voertaal: Engels. Het Historisch Caf\u00e9 organiseert in samenwerking met het academisch-cultureel centrum SPUI25 (Spui 25-27, Amsterdam) en uitgeverij Nieuw Amsterdam een Extra Historisch Caf\u00e9 vanwege het verschijnen van De Rode Belofte. &hellip; <\/p>\n<p class=\"link-more\"><a href=\"https:\/\/historischcafe.nl\/wordpress\/?page_id=225\" class=\"more-link\">Continue reading<span class=\"screen-reader-text\"> &#8220;Programma 22 juni 2011&#8221;<\/span><\/a><\/p>\n","protected":false},"author":1,"featured_media":0,"parent":19,"menu_order":0,"comment_status":"open","ping_status":"open","template":"","meta":{"footnotes":""},"class_list":["post-225","page","type-page","status-publish","hentry","entry"],"_links":{"self":[{"href":"https:\/\/historischcafe.nl\/wordpress\/index.php?rest_route=\/wp\/v2\/pages\/225","targetHints":{"allow":["GET"]}}],"collection":[{"href":"https:\/\/historischcafe.nl\/wordpress\/index.php?rest_route=\/wp\/v2\/pages"}],"about":[{"href":"https:\/\/historischcafe.nl\/wordpress\/index.php?rest_route=\/wp\/v2\/types\/page"}],"author":[{"embeddable":true,"href":"https:\/\/historischcafe.nl\/wordpress\/index.php?rest_route=\/wp\/v2\/users\/1"}],"replies":[{"embeddable":true,"href":"https:\/\/historischcafe.nl\/wordpress\/index.php?rest_route=%2Fwp%2Fv2%2Fcomments&post=225"}],"version-history":[{"count":9,"href":"https:\/\/historischcafe.nl\/wordpress\/index.php?rest_route=\/wp\/v2\/pages\/225\/revisions"}],"predecessor-version":[{"id":239,"href":"https:\/\/historischcafe.nl\/wordpress\/index.php?rest_route=\/wp\/v2\/pages\/225\/revisions\/239"}],"up":[{"embeddable":true,"href":"https:\/\/historischcafe.nl\/wordpress\/index.php?rest_route=\/wp\/v2\/pages\/19"}],"wp:attachment":[{"href":"https:\/\/historischcafe.nl\/wordpress\/index.php?rest_route=%2Fwp%2Fv2%2Fmedia&parent=225"}],"curies":[{"name":"wp","href":"https:\/\/api.w.org\/{rel}","templated":true}]}}