{"id":2056,"date":"2015-11-02T21:58:34","date_gmt":"2015-11-02T20:58:34","guid":{"rendered":"http:\/\/historischcafe.nl\/wordpress\/?page_id=2056"},"modified":"2015-11-06T13:34:12","modified_gmt":"2015-11-06T12:34:12","slug":"programma-11-november-2015","status":"publish","type":"page","link":"https:\/\/historischcafe.nl\/wordpress\/?page_id=2056","title":{"rendered":"Programma 11 november 2015"},"content":{"rendered":"<h1>Historisch Caf\u00e9 11 november 2015<\/h1>\n<h4><b>20.00 \u2013 Schedels meten in Nederlands-Indi\u00eb \u2013 Interview met Fenneke Sysling<\/b><\/h4>\n<p>Nederlandse musea liggen vol met menselijke resten uit voormalige koloni\u00ebn. Waar komen deze botten en schedels precies vandaan? En hoe komen ze in Nederland terecht? In <i>De onmeetbare mens. Schedels, ras en wetenschap in Nederlands Indi\u00eb <\/i>onderzoekt Fenneke Sysling deze vergeten erfenis van het koloniale verleden. Ze bestudeert de fysisch antropologen die thuis en in voormaligNederlands-Indi\u00eb hun metingen verrichtten op de inheemse bevolking.<\/p>\n<p><img loading=\"lazy\" decoding=\"async\" class=\"alignright  wp-image-2057\" alt=\"Fenneke-Sysling-de-onmeetbare-mens\" src=\"https:\/\/historischcafe.nl\/wordpress\/wp-content\/uploads\/Fenneke-Sysling-de-onmeetbare-mens.jpg\" width=\"367\" height=\"294\" srcset=\"https:\/\/historischcafe.nl\/wordpress\/wp-content\/uploads\/Fenneke-Sysling-de-onmeetbare-mens.jpg 748w, https:\/\/historischcafe.nl\/wordpress\/wp-content\/uploads\/Fenneke-Sysling-de-onmeetbare-mens-300x240.jpg 300w\" sizes=\"auto, (max-width: 367px) 100vw, 367px\" \/><\/p>\n<p>Terwijl eerdere academici vooral de intellectuele resultaten van de fysische antropologie onderzochten, betrekt Sysling in haar onderzoek de dagelijkse bezigheden van de antropologen en beargumenteert ze dat de koloniale context essentieel is om hun werk goed te begrijpen. Een terechtgestelde man op Borneo, een jonge, Javaanse vrouw die overleed in Amsterdam en een bij een verrassingsaanval gedode Papoea \u2013 allemaal eindigden ze als exemplaren in Nederlandse museumcollecties. Vanavond volgen we met Sysling de antropologen op hun reizen naar de Indische archipel, bestuderen hun collecties in musea en zien hoe de dagelijkse praktijk van de fysisch antropologen de ongelijke koloniale verhoudingen en bestaande idee\u00ebn over ras zowel kon verscherpen als ondermijnen.<\/p>\n<p><a href=\"http:\/\/www.let.vu.nl\/nl\/organisatie-van-de-faculteit\/wetenschappelijk-personeel\/medewerkers-alfabetisch\/medewerkers-l-s\/drs-f-sysling\/index.asp\" target=\"_blank\"><b>Dr. Fenneke Sysling<\/b> <\/a>promoveerde in 2013 aan de Vrije Universiteit op haar onderzoek naar fysische antropologie in Nederlands-Indi\u00eb (1880-1960). Dit onderzoek heeft ze onlangs gepubliceerd als publieksboek: <i>De Onmeetbare Mens. Schedels, ras en wetenschap in Nederlands-Indi\u00eb<\/i> (2015). Momenteel werkt ze aan de Universiteit van Utrecht aan haar Veni-onderzoek <i>The Quantified Self. Appropriating science and learning about the self, 1850-2014<\/i>.<\/p>\n<p><i>Interviewer: <a href=\"https:\/\/nl.linkedin.com\/pub\/ele\u00e1-de-la-porte\/49\/711\/839\/en\" target=\"_blank\">Ele\u00e1 de la Porte<\/a><\/i><\/p>\n<h4><b>21:00 De column van Gijs<\/b><\/h4>\n<h4><\/h4>\n<h4><b>21:05 Indonesi\u00eb en Nederland 1945-1949, herinnering en beeldvorming.<\/b><\/h4>\n<h4><\/h4>\n<p>De koloniale oorlog die Nederland van 1945 tot 1949 uitvocht in Indonesi\u00eb is \u00e9\u00e9n van de grootste militaire operaties uit de<br \/>\n<img loading=\"lazy\" decoding=\"async\" class=\"alignright  wp-image-2059\" alt=\"24.02.15.CMRB-Oostindie-def\" src=\"https:\/\/historischcafe.nl\/wordpress\/wp-content\/uploads\/Soldaat-in-Indonesi\u00cb.jpg\" width=\"350\" height=\"487\" srcset=\"https:\/\/historischcafe.nl\/wordpress\/wp-content\/uploads\/Soldaat-in-Indonesi\u00cb.jpg 1618w, https:\/\/historischcafe.nl\/wordpress\/wp-content\/uploads\/Soldaat-in-Indonesi\u00cb-215x300.jpg 215w, https:\/\/historischcafe.nl\/wordpress\/wp-content\/uploads\/Soldaat-in-Indonesi\u00cb-736x1024.jpg 736w\" sizes=\"auto, (max-width: 350px) 100vw, 350px\" \/>Nederlandse geschiedenis. Afgelopen zomer werd de zeventigste verjaardag van Indonesi\u00eb gevierd. Premier Mark Rutte greep de gelegenheid aan om te benadrukken dat \u2018ook dit deel van onze geschiedenis blijvende aandacht en herinnering vraagt\u2019. Het publieke debat over de oorlog in Indonesi\u00eb laat zien dat deze aandacht en herinnering nog steeds omstreden, pijnlijk en geenszins eenduidig zijn. Vooral wanneer het gaat over de praktijk van de oorlog en het geweld gepleegd door Nederlandse soldaten.<\/p>\n<p>Vanavond praten we in het tweede deel van het Historisch Caf\u00e9 met Gert Oostindie en Ren\u00e9 Kok over deze oorlog, geschiedschrijving, herinnering en media. Welke verantwoordelijkheid dragen historici omtrent zo\u2019n moreel en maatschappelijk beladen thema? Op welke manier is het conflict ten tijde van de oorlog en daarna beschreven in de media? Hoe verhoudt de geschiedschrijving over de oorlog zich ten opzichte van het publieke debat? Hoe kunnen bronnen zoals egodocumenten en fotografie een (nieuw) licht werpen op dit verleden?<\/p>\n<p><a href=\"http:\/\/hum.leiden.edu\/history\/staff\/oostindie.html\" target=\"_blank\"><b>Gert Oostindie<\/b><\/a> is gespecialiseerd in Nederlandse (post)koloniale en Cara\u00efbische geschiedenis, werkzaam bij het Koninklijk Instituut voor Taal-, Land- en Volkenkunde en de Universiteit Leiden. Hij heeft vele publicaties op zijn naam staan over het Nederlandse koloniale verleden en zijn erfenissen: van de relatie tussen het koningshuis en de koloni\u00ebn tot de herdenking van het slavernijverleden, postkoloniale monumenten, migratie en etniciteit. Zijn meest recente werk, <i>Soldaat in Indonesi\u00eb, 1945-1950. Getuigenissen van een oorlog aan de verkeerde kant van de geschiedenis <\/i>onderzoekt egodocumenten van Indi\u00eb-veteranen en verscheen eind oktober.<\/p>\n<p><a href=\"http:\/\/www.niod.nl\/nl\/medewerker\/ren%C3%A9-kok\" target=\"_blank\">Ren\u00e9 Kok<\/a> is beeldonderzoeker bij het NIOD. Ren\u00e9 werkte samen met Louis Zweers en Erik Somers aan de in november te openen tentoonstelling: De koloniale oorlog 1945-1949, gewenst en ongewenst beeld (Verzetsmuseum Amsterdam). Bij de opening van deze tentoonstelling zal tevens een nieuwe editie van hun in 2009 verschenen boek De koloniale oorlog 1945-1949 van Indi\u00eb naar Indonesi\u00eb gepresenteerd worden. Dit fotoboek over de Indonesische dekolonisatie laat zien wat de Nederlandse overheid en militaire leiding in de jaren veertig en daarna bewust niet wilden delen met het volk.<\/p>\n<p><i>Gespreksleider: <a href=\"https:\/\/nl.linkedin.com\/pub\/lotte-akkerman\/40\/35\/765\" target=\"_blank\">Lotte Akkerman<b><\/b><\/a><b><\/b><\/i><\/p>\n<p style=\"text-align: center;\"><img loading=\"lazy\" decoding=\"async\" class=\"wp-image-2058 aligncenter\" alt=\"politionele acties\" src=\"https:\/\/historischcafe.nl\/wordpress\/wp-content\/uploads\/politionele-acties.jpg\" width=\"453\" height=\"233\" srcset=\"https:\/\/historischcafe.nl\/wordpress\/wp-content\/uploads\/politionele-acties.jpg 944w, https:\/\/historischcafe.nl\/wordpress\/wp-content\/uploads\/politionele-acties-300x154.jpg 300w\" sizes=\"auto, (max-width: 453px) 100vw, 453px\" \/><\/p>\n<p>&nbsp;<\/p>\n<p>&nbsp;<\/p>\n","protected":false},"excerpt":{"rendered":"<p>Historisch Caf\u00e9 11 november 2015 20.00 \u2013 Schedels meten in Nederlands-Indi\u00eb \u2013 Interview met Fenneke Sysling Nederlandse musea liggen vol met menselijke resten uit voormalige koloni\u00ebn. Waar komen deze botten en schedels precies vandaan? En hoe komen ze in Nederland terecht? In De onmeetbare mens. Schedels, ras en wetenschap in Nederlands Indi\u00eb onderzoekt Fenneke Sysling &hellip; <\/p>\n<p class=\"link-more\"><a href=\"https:\/\/historischcafe.nl\/wordpress\/?page_id=2056\" class=\"more-link\">Continue reading<span class=\"screen-reader-text\"> &#8220;Programma 11 november 2015&#8221;<\/span><\/a><\/p>\n","protected":false},"author":1,"featured_media":0,"parent":19,"menu_order":0,"comment_status":"open","ping_status":"open","template":"","meta":{"footnotes":""},"class_list":["post-2056","page","type-page","status-publish","hentry","entry"],"_links":{"self":[{"href":"https:\/\/historischcafe.nl\/wordpress\/index.php?rest_route=\/wp\/v2\/pages\/2056","targetHints":{"allow":["GET"]}}],"collection":[{"href":"https:\/\/historischcafe.nl\/wordpress\/index.php?rest_route=\/wp\/v2\/pages"}],"about":[{"href":"https:\/\/historischcafe.nl\/wordpress\/index.php?rest_route=\/wp\/v2\/types\/page"}],"author":[{"embeddable":true,"href":"https:\/\/historischcafe.nl\/wordpress\/index.php?rest_route=\/wp\/v2\/users\/1"}],"replies":[{"embeddable":true,"href":"https:\/\/historischcafe.nl\/wordpress\/index.php?rest_route=%2Fwp%2Fv2%2Fcomments&post=2056"}],"version-history":[{"count":7,"href":"https:\/\/historischcafe.nl\/wordpress\/index.php?rest_route=\/wp\/v2\/pages\/2056\/revisions"}],"predecessor-version":[{"id":2075,"href":"https:\/\/historischcafe.nl\/wordpress\/index.php?rest_route=\/wp\/v2\/pages\/2056\/revisions\/2075"}],"up":[{"embeddable":true,"href":"https:\/\/historischcafe.nl\/wordpress\/index.php?rest_route=\/wp\/v2\/pages\/19"}],"wp:attachment":[{"href":"https:\/\/historischcafe.nl\/wordpress\/index.php?rest_route=%2Fwp%2Fv2%2Fmedia&parent=2056"}],"curies":[{"name":"wp","href":"https:\/\/api.w.org\/{rel}","templated":true}]}}